{"id":48,"date":"2026-04-28T02:50:36","date_gmt":"2026-04-28T00:50:36","guid":{"rendered":"https:\/\/ai2-education.com\/en\/?page_id=48"},"modified":"2026-05-01T02:38:19","modified_gmt":"2026-05-01T00:38:19","slug":"apply","status":"publish","type":"page","link":"https:\/\/ai2-education.com\/en\/apply\/","title":{"rendered":"Apply to our School of Artificial Intelligence"},"content":{"rendered":"<div class=\"row align-middle align-center\"  id=\"row-2012738301\">\n\n\t<div id=\"col-1452402771\" class=\"col medium-7 small-12 large-6\"  >\n\t\t\t\t<div class=\"col-inner\"  >\n\t\t\t\n\t\t\t\n\t<div id=\"text-1815925452\" class=\"text\">\n\t\t\n<h1>Apply for Artificial Intelligence training programs<\/h1>\n\t\t\n<style>\n#text-1815925452 {\n  font-size: 1.3rem;\n}\n<\/style>\n\t<\/div>\n\t\n<p>Join one of the training programs at the AI2 Artificial Intelligence school and prepare yourself for careers in data, AI, and advanced technologies.<\/p>\n<p>Simply select the training level that matches your profile to access the dedicated application page.<\/p>\n\t\t<\/div>\n\t\t\t\t\t<\/div>\n\n\t\n\n\t<div id=\"col-457990850\" class=\"col medium-5 small-12 large-6\"  >\n\t\t\t\t<div class=\"col-inner text-center\"  >\n\t\t\t\n\t\t\t\n\n<div style=\"display: flex; justify-content: center; margin-top: 20px; padding: 0 15px;\">\n<div style=\"width: 100%; max-width: 600px; position: relative; overflow: hidden; border-radius: 25px; box-shadow: 0 18px 45px rgba(0,0,0,0.25); background: #000; line-height: 0;\"><!-- 1. line-height: 0 sur le parent supprime les espaces de texte invisibles. 2. object-fit: cover force l'image\/vid\u00e9o \u00e0 remplir tout le cadre sans laisser de blanc. --><br \/>\n<video style=\"width: 100%; height: auto; background: #000; display: block; pointer-events: none; -webkit-user-select: none; user-select: none; object-fit: cover;\" poster=\"https:\/\/ai2-education.com\/wp-content\/uploads\/2026\/01\/mastere-1-data-science-ia.jpg\" preload=\"metadata\" autoplay=\"autoplay\" loop=\"loop\" muted=\"\" width=\"300\" height=\"150\"><source src=\"https:\/\/ai2-education.com\/wp-content\/uploads\/2026\/01\/mastere-1-data-science-ia.mp4\" type=\"video\/mp4\" \/>Votre navigateur ne supporte pas la lecture de vid\u00e9os.<\/video><\/div>\n<\/div>\n<p><script type=\"application\/ld+json\">\n{\n  \"@context\": \"https:\/\/schema.org\",\n  \"@type\": \"VideoObject\",\n  \"name\": \"Mast\u00e8re 1 en Data Science & IA \u2013 Rentr\u00e9e Janvier 2026\",\n  \"description\": \"Vid\u00e9o courte de pr\u00e9sentation du Mast\u00e8re 1 en Data Science & Intelligence Artificielle.\",\n  \"thumbnailUrl\": \"https:\/\/ai2-education.com\/wp-content\/uploads\/2026\/01\/mastere-1-data-science-ia.jpg\",\n  \"contentUrl\": \"https:\/\/ai2-education.com\/wp-content\/uploads\/2026\/01\/mastere-1-data-science-ia.mp4\",\n  \"uploadDate\": \"2026-01-01\",\n  \"duration\": \"PT3S\"\n}\n<\/script><br \/>\n\n\t\t<\/div>\n\t\t\t\t\n<style>\n#col-457990850 > .col-inner {\n  margin: -40px 0px -17px 0px;\n}\n@media (min-width:550px) {\n  #col-457990850 > .col-inner {\n    margin: 29px 0px 0px 0px;\n  }\n}\n<\/style>\n\t<\/div>\n\n\t\n\n<style>\n#row-2012738301 > .col > .col-inner {\n  padding: 35px 0px 0px 0px;\n}\n<\/style>\n<\/div>\n\t<div id=\"gap-654713131\" class=\"gap-element clearfix\" style=\"display:block; height:auto;\">\n\t\t\n<style>\n#gap-654713131 {\n  padding-top: 0px;\n}\n@media (min-width:550px) {\n  #gap-654713131 {\n    padding-top: 60px;\n  }\n}\n<\/style>\n\t<\/div>\n\t\n<span class=\"scroll-to\" data-label=\"Scroll to: #forme\" data-bullet=\"false\" data-link=\"#forme\" data-title=\"Change this\"><a name=\"forme\"><\/a><\/span>\n<div class=\"container section-title-container\" ><h2 class=\"section-title section-title-center\"><b aria-hidden=\"true\"><\/b><span class=\"section-title-main\" >Choose your training program!<\/span><b aria-hidden=\"true\"><\/b><\/h2><\/div>\n<div class=\"row row-small align-equal align-center row-box-shadow-2\"  id=\"row-824915252\">\n\n\t<div id=\"col-650186545\" class=\"col medium-4 small-12 large-4\"  >\n\t\t\t\t<div class=\"col-inner text-center\"  >\n\t\t\t\n\t\t\t\n\t<div class=\"img has-hover x md-x lg-x y md-y lg-y\" id=\"image_56462618\">\n\t\t\t\t\t\t\t\t<div class=\"img-inner dark\" >\n\t\t\t<img loading=\"lazy\" decoding=\"async\" width=\"64\" height=\"64\" src=\"https:\/\/ai2-education.com\/en\/wp-content\/uploads\/2026\/04\/approche-metier-data-ia.webp\" class=\"attachment-thumbnail size-thumbnail\" alt=\"Master\u2019s degree AI\" \/>\t\t\t\t\t\t\n\t\t\t\t\t<\/div>\n\t\t\t\t\t\t\t\t\n<style>\n#image_56462618 {\n  width: 23%;\n}\n<\/style>\n\t<\/div>\n\t\n<h3>Master 2 in AI and Data Science<\/h3>\n<a href=\"https:\/\/ai2-education.com\/en\/master-2-data-ai\/\" class=\"button alert is-outline\" >\n\t\t<span>Apply now<\/span>\n\t<\/a>\n\n\t\t<\/div>\n\t\t\t\t\t<\/div>\n\n\t\n\n<style>\n#row-824915252 > .col > .col-inner {\n  padding: 12px 12px 0px 12px;\n  border-radius: 14px;\n}\n<\/style>\n<\/div>\n\t<div id=\"gap-2061024332\" class=\"gap-element clearfix\" style=\"display:block; height:auto;\">\n\t\t\n<style>\n#gap-2061024332 {\n  padding-top: 60px;\n}\n<\/style>\n\t<\/div>\n\t\n<div class=\"container section-title-container\" ><h2 class=\"section-title section-title-center\"><b aria-hidden=\"true\"><\/b><span class=\"section-title-main\" >Training 100% recognized by the State<\/span><b aria-hidden=\"true\"><\/b><\/h2><\/div>\n<div class=\"row row-collapse align-equal align-center\"  id=\"row-1675085789\">\n\n\t<div id=\"col-678333564\" class=\"col small-11 large-12\"  >\n\t\t\t\t<div class=\"col-inner\"  >\n\t\t\t\n\t\t\t\n\t<div id=\"text-1759983223\" class=\"text\">\n\t\t\n<p>AI2 training programs are based on professional certifications registered with the RNCP and recognized by the State:<\/p>\n<ul>\n<li class=\"bullet-star\"><span style=\"font-size: 100%;\"><a href=\"https:\/\/www.francecompetences.fr\/recherche\/rncp\/41370\/\">Level 6: Professional Title \u2013 Industrial IT Integration Developer<\/a><\/span><\/li>\n<li class=\"bullet-star\"><span style=\"font-size: 100%;\"><a href=\"https:\/\/www.francecompetences.fr\/recherche\/rncp\/40554\/\">Level 7: Internet of Things (IoT) Architect<\/a><\/span><\/li>\n<li class=\"bullet-star\"><span style=\"font-size: 100%;\"><a href=\"https:\/\/www.francecompetences.fr\/recherche\/rncp\/39978\/\">Level 7: Information Systems Architect in Industrial Processes<\/a><\/span><\/li>\n<\/ul>\n\t\t\n<style>\n#text-1759983223 {\n  text-align: left;\n}\n<\/style>\n\t<\/div>\n\t\n\t\t<\/div>\n\t\t\t\t\t<\/div>\n\n\t\n\n\t<div id=\"col-516346437\" class=\"col medium-4 small-11 large-4\"  >\n\t\t\t\t<div class=\"col-inner text-center\"  >\n\t\t\t\n\t\t\t\n<a href=\"https:\/\/ai2-education.com\/en\/apply\/\" class=\"button alert\" >\n\t\t<span>Submit your application!<\/span>\n\t<\/a>\n\n\t\t<\/div>\n\t\t\t\t\t<\/div>\n\n\t\n<\/div>\n\t<div id=\"gap-880289294\" class=\"gap-element clearfix\" style=\"display:block; height:auto;\">\n\t\t\n<style>\n#gap-880289294 {\n  padding-top: 60px;\n}\n<\/style>\n\t<\/div>\n\t\n<div class=\"container section-title-container\" ><h2 class=\"section-title section-title-center\"><b aria-hidden=\"true\"><\/b><span class=\"section-title-main\" >FAQ \u2013 Application for AI Training Programs<\/span><b aria-hidden=\"true\"><\/b><\/h2><\/div>\n<div class=\"row align-center row-box-shadow-2\"  id=\"row-397358048\">\n\n\t<div id=\"col-1827334063\" class=\"col medium-9 small-12 large-9\"  >\n\t\t\t\t<div class=\"col-inner\"  >\n\t\t\t\n\t\t\t\n<div class=\"accordion\">\n\t<div id=\"accordion-1413919104\" class=\"accordion-item\">\n\t\t<a id=\"accordion-1413919104-label\" class=\"accordion-title plain active\" href=\"#accordion-item-what-level-is-required-to-apply-for-ai2-training-programs?\" aria-expanded=\"true\" aria-controls=\"accordion-1413919104-content\">\n\t\t\t<button class=\"toggle\" aria-label=\"Toggle\"><i class=\"icon-angle-down\" aria-hidden=\"true\"><\/i><\/button>\n\t\t\t<span>What level is required to apply for AI2 training programs?<\/span>\n\t\t<\/a>\n\t\t<div id=\"accordion-1413919104-content\" class=\"accordion-inner\" style=\"display: block;\" aria-labelledby=\"accordion-1413919104-label\">\n\t\t\t\n<p>The requirements depend on the level: High School Diploma (Bac) for the Bachelor, 3 years of higher education (Bac+3) for Master 1, 4 years of higher education (Bac+4) for Master 2.<\/p>\n\t\t<\/div>\n\t<\/div>\n\t\n\t<div id=\"accordion-2728967116\" class=\"accordion-item\">\n\t\t<a id=\"accordion-2728967116-label\" class=\"accordion-title plain\" href=\"#accordion-item-how-does-the-application-process-work?\" aria-expanded=\"false\" aria-controls=\"accordion-2728967116-content\">\n\t\t\t<button class=\"toggle\" aria-label=\"Toggle\"><i class=\"icon-angle-down\" aria-hidden=\"true\"><\/i><\/button>\n\t\t\t<span>How does the application process work?<\/span>\n\t\t<\/a>\n\t\t<div id=\"accordion-2728967116-content\" class=\"accordion-inner\" aria-labelledby=\"accordion-2728967116-label\">\n\t\t\t\n<p>You choose your training program and then fill out the application form.<\/p>\n\t\t<\/div>\n\t<\/div>\n\t\n\t<div id=\"accordion-373205051\" class=\"accordion-item\">\n\t\t<a id=\"accordion-373205051-label\" class=\"accordion-title plain\" href=\"#accordion-item-are-the-ai2-training-programs-recognized-by-the-state?\" aria-expanded=\"false\" aria-controls=\"accordion-373205051-content\">\n\t\t\t<button class=\"toggle\" aria-label=\"Toggle\"><i class=\"icon-angle-down\" aria-hidden=\"true\"><\/i><\/button>\n\t\t\t<span>Are the AI2 training programs recognized by the State?<\/span>\n\t\t<\/a>\n\t\t<div id=\"accordion-373205051-content\" class=\"accordion-inner\" aria-labelledby=\"accordion-373205051-label\">\n\t\t\t\n<p>Yes, they are based on professional certifications registered with the RNCP.<\/p>\n<ul>\n<li class=\"bullet-star\"><a href=\"https:\/\/www.francecompetences.fr\/recherche\/rncp\/41370\/\">Level 6: Professional Title \u2013 Industrial IT Integration Developer<\/a><\/li>\n<li class=\"bullet-star\"><a href=\"https:\/\/www.francecompetences.fr\/recherche\/rncp\/40554\/\">Level 7: Internet of Things (IoT) Architect<\/a><\/li>\n<li class=\"bullet-star\"><a href=\"https:\/\/www.francecompetences.fr\/recherche\/rncp\/39978\/\">Level 7: Information Systems Architect in Industrial Processes<\/a><\/li>\n<\/ul>\n\t\t<\/div>\n\t<\/div>\n\t\n\t<div id=\"accordion-512393380\" class=\"accordion-item\">\n\t\t<a id=\"accordion-512393380-label\" class=\"accordion-title plain\" href=\"#accordion-item-can-i-apply-without-any-experience-in-artificial-intelligence?\" aria-expanded=\"false\" aria-controls=\"accordion-512393380-content\">\n\t\t\t<button class=\"toggle\" aria-label=\"Toggle\"><i class=\"icon-angle-down\" aria-hidden=\"true\"><\/i><\/button>\n\t\t\t<span>Can I apply without any experience in artificial intelligence?<\/span>\n\t\t<\/a>\n\t\t<div id=\"accordion-512393380-content\" class=\"accordion-inner\" aria-labelledby=\"accordion-512393380-label\">\n\t\t\t\n<p>Yes, especially for the Bachelor program where the fundamentals are taught.<\/p>\n\t\t<\/div>\n\t<\/div>\n\t\n\t<div id=\"accordion-3491372590\" class=\"accordion-item\">\n\t\t<a id=\"accordion-3491372590-label\" class=\"accordion-title plain\" href=\"#accordion-item-are-the-training-programs-available-remotely?\" aria-expanded=\"false\" aria-controls=\"accordion-3491372590-content\">\n\t\t\t<button class=\"toggle\" aria-label=\"Toggle\"><i class=\"icon-angle-down\" aria-hidden=\"true\"><\/i><\/button>\n\t\t\t<span>Are the training programs available remotely?<\/span>\n\t\t<\/a>\n\t\t<div id=\"accordion-3491372590-content\" class=\"accordion-inner\" aria-labelledby=\"accordion-3491372590-label\">\n\t\t\t\n<p>Yes, several programs can be taken remotely depending on the campus.<\/p>\n\t\t<\/div>\n\t<\/div>\n\t\n\t<div id=\"accordion-2407642567\" class=\"accordion-item\">\n\t\t<a id=\"accordion-2407642567-label\" class=\"accordion-title plain\" href=\"#accordion-item-is-the-application-free?\" aria-expanded=\"false\" aria-controls=\"accordion-2407642567-content\">\n\t\t\t<button class=\"toggle\" aria-label=\"Toggle\"><i class=\"icon-angle-down\" aria-hidden=\"true\"><\/i><\/button>\n\t\t\t<span>Is the application free?<\/span>\n\t\t<\/a>\n\t\t<div id=\"accordion-2407642567-content\" class=\"accordion-inner\" aria-labelledby=\"accordion-2407642567-label\">\n\t\t\t\n<p>Yes, applying for AI2 training programs is free.<\/p>\n\t\t<\/div>\n\t<\/div>\n\t\n\t<div id=\"accordion-3840041297\" class=\"accordion-item\">\n\t\t<a id=\"accordion-3840041297-label\" class=\"accordion-title plain\" href=\"#accordion-item-when-will-i-receive-an-answer-after-applying?\" aria-expanded=\"false\" aria-controls=\"accordion-3840041297-content\">\n\t\t\t<button class=\"toggle\" aria-label=\"Toggle\"><i class=\"icon-angle-down\" aria-hidden=\"true\"><\/i><\/button>\n\t\t\t<span>When will I receive an answer after applying?<\/span>\n\t\t<\/a>\n\t\t<div id=\"accordion-3840041297-content\" class=\"accordion-inner\" aria-labelledby=\"accordion-3840041297-label\">\n\t\t\t\n<p>The admissions team generally replies quickly after reviewing your application.<\/p>\n\t\t<\/div>\n\t<\/div>\n\t\n<\/div>\n\t\t<\/div>\n\t\t\t\t\t<\/div>\n\n\t\n\n<style>\n#row-397358048 > .col > .col-inner {\n  border-radius: 17px;\n}\n<\/style>\n<\/div>\n\t<div id=\"gap-1709022708\" class=\"gap-element clearfix\" style=\"display:block; height:auto;\">\n\t\t\n<style>\n#gap-1709022708 {\n  padding-top: 60px;\n}\n<\/style>\n\t<\/div>\n\t\n<div class=\"row align-middle align-center\"  id=\"row-2081038588\">\n\n\t<div id=\"col-1214134994\" class=\"col small-12 large-12\"  >\n\t\t\t\t<div class=\"col-inner text-center\"  >\n\t\t\t\n\t\t\t\n\t<div id=\"gap-969619239\" class=\"gap-element clearfix\" style=\"display:block; height:auto;\">\n\t\t\n<style>\n#gap-969619239 {\n  padding-top: 15px;\n}\n<\/style>\n\t<\/div>\n\t\n\t<div id=\"text-626506555\" class=\"text\">\n\t\t\n<h3 style=\"margin-bottom: 5px;\">Still hesitating?<\/h3>\n\t\t\n<style>\n#text-626506555 {\n  font-size: 1.75rem;\n}\n<\/style>\n\t<\/div>\n\t\n<p>Ask all your questions during a free call with our team. We are here to guide you in your choice and help you make the best decision.<\/p>\n<a href=\"https:\/\/ai2-education.com\/en\/contact\/\" class=\"button success is-large\" >\n\t<i class=\"icon-phone\" aria-hidden=\"true\"><\/i>\t<span>Need guidance?<\/span>\n\t<\/a>\n\n\t\t<\/div>\n\t\t\t\t\n<style>\n#col-1214134994 > .col-inner {\n  padding: 30px 0px 0px 0px;\n}\n<\/style>\n\t<\/div>\n\n\t\n\n<style>\n#row-2081038588 > .col > .col-inner {\n  padding: 15px 15px 15px 15px;\n  background-color: rgb(237, 241, 247);\n  border-radius: 19px;\n}\n<\/style>\n<\/div>\n\t<div id=\"gap-1491645217\" class=\"gap-element clearfix\" style=\"display:block; height:auto;\">\n\t\t\n<style>\n#gap-1491645217 {\n  padding-top: 60px;\n}\n<\/style>\n\t<\/div>\n\t\n","protected":false},"excerpt":{"rendered":"","protected":false},"author":1,"featured_media":0,"parent":0,"menu_order":0,"comment_status":"closed","ping_status":"closed","template":"","meta":{"footnotes":""},"class_list":["post-48","page","type-page","status-publish","hentry"],"yoast_head":"<!-- This site is optimized with the Yoast SEO plugin v27.6 - https:\/\/yoast.com\/product\/yoast-seo-wordpress\/ -->\n<title>Apply to our School of Artificial Intelligence - AI2<\/title>\n<meta name=\"description\" content=\"Study M2 Data Scientist &amp; AI in France. 1-year, 100% English programme, RNCP Level 7 (Master\u2019s equivalent). Apply now at AI2.\" \/>\n<meta name=\"robots\" content=\"index, follow, max-snippet:-1, max-image-preview:large, max-video-preview:-1\" \/>\n<link rel=\"canonical\" href=\"https:\/\/ai2-education.com\/en\/apply\/\" \/>\n<meta property=\"og:locale\" content=\"en_US\" \/>\n<meta property=\"og:type\" content=\"article\" \/>\n<meta property=\"og:title\" content=\"Apply to our School of Artificial Intelligence - AI2\" \/>\n<meta property=\"og:description\" content=\"Study M2 Data Scientist &amp; AI in France. 1-year, 100% English programme, RNCP Level 7 (Master\u2019s equivalent). Apply now at AI2.\" \/>\n<meta property=\"og:url\" content=\"https:\/\/ai2-education.com\/en\/apply\/\" \/>\n<meta property=\"og:site_name\" content=\"AI2\" \/>\n<meta property=\"article:publisher\" content=\"https:\/\/www.facebook.com\/ai2EcoleIntelligenceArtificielleParis\" \/>\n<meta property=\"article:modified_time\" content=\"2026-05-01T00:38:19+00:00\" \/>\n<meta name=\"twitter:card\" content=\"summary_large_image\" \/>\n<meta name=\"twitter:site\" content=\"@AI2_School\" \/>\n<meta name=\"twitter:label1\" content=\"Est. reading time\" \/>\n\t<meta name=\"twitter:data1\" content=\"3 minutes\" \/>\n<script type=\"application\/ld+json\" class=\"yoast-schema-graph\">{\"@context\":\"https:\\\/\\\/schema.org\",\"@graph\":[{\"@type\":\"WebPage\",\"@id\":\"https:\\\/\\\/ai2-education.com\\\/en\\\/apply\\\/\",\"url\":\"https:\\\/\\\/ai2-education.com\\\/en\\\/apply\\\/\",\"name\":\"Apply to our School of Artificial Intelligence - AI2\",\"isPartOf\":{\"@id\":\"https:\\\/\\\/ai2-education.com\\\/en\\\/#website\"},\"datePublished\":\"2026-04-28T00:50:36+00:00\",\"dateModified\":\"2026-05-01T00:38:19+00:00\",\"description\":\"Study M2 Data Scientist & AI in France. 1-year, 100% English programme, RNCP Level 7 (Master\u2019s equivalent). Apply now at AI2.\",\"breadcrumb\":{\"@id\":\"https:\\\/\\\/ai2-education.com\\\/en\\\/apply\\\/#breadcrumb\"},\"inLanguage\":\"en-US\",\"potentialAction\":[{\"@type\":\"ReadAction\",\"target\":[\"https:\\\/\\\/ai2-education.com\\\/en\\\/apply\\\/\"]}]},{\"@type\":\"BreadcrumbList\",\"@id\":\"https:\\\/\\\/ai2-education.com\\\/en\\\/apply\\\/#breadcrumb\",\"itemListElement\":[{\"@type\":\"ListItem\",\"position\":1,\"name\":\"Institute of Artificial Intelligence\",\"item\":\"https:\\\/\\\/ai2-education.com\\\/en\\\/\"},{\"@type\":\"ListItem\",\"position\":2,\"name\":\"Apply to our School of Artificial Intelligence\"}]},{\"@type\":\"WebSite\",\"@id\":\"https:\\\/\\\/ai2-education.com\\\/en\\\/#website\",\"url\":\"https:\\\/\\\/ai2-education.com\\\/en\\\/\",\"name\":\"AI2\",\"description\":\"The true school of Data and Artificial Intelligence\",\"publisher\":{\"@id\":\"https:\\\/\\\/ai2-education.com\\\/en\\\/#organization\"},\"alternateName\":\"AI2 - Applied Institute of Artificial Intelligence\",\"potentialAction\":[{\"@type\":\"SearchAction\",\"target\":{\"@type\":\"EntryPoint\",\"urlTemplate\":\"https:\\\/\\\/ai2-education.com\\\/en\\\/?s={search_term_string}\"},\"query-input\":{\"@type\":\"PropertyValueSpecification\",\"valueRequired\":true,\"valueName\":\"search_term_string\"}}],\"inLanguage\":\"en-US\"},{\"@type\":\"Organization\",\"@id\":\"https:\\\/\\\/ai2-education.com\\\/en\\\/#organization\",\"name\":\"AI2\",\"url\":\"https:\\\/\\\/ai2-education.com\\\/en\\\/\",\"logo\":{\"@type\":\"ImageObject\",\"inLanguage\":\"en-US\",\"@id\":\"https:\\\/\\\/ai2-education.com\\\/en\\\/#\\\/schema\\\/logo\\\/image\\\/\",\"url\":\"https:\\\/\\\/ai2-education.com\\\/en\\\/wp-content\\\/uploads\\\/2026\\\/04\\\/Ecole-dIntelligence-Artificielle.png\",\"contentUrl\":\"https:\\\/\\\/ai2-education.com\\\/en\\\/wp-content\\\/uploads\\\/2026\\\/04\\\/Ecole-dIntelligence-Artificielle.png\",\"width\":167,\"height\":132,\"caption\":\"AI2\"},\"image\":{\"@id\":\"https:\\\/\\\/ai2-education.com\\\/en\\\/#\\\/schema\\\/logo\\\/image\\\/\"},\"sameAs\":[\"https:\\\/\\\/www.facebook.com\\\/ai2EcoleIntelligenceArtificielleParis\",\"https:\\\/\\\/x.com\\\/AI2_School\",\"https:\\\/\\\/www.linkedin.com\\\/company\\\/applied-institute-of-artificial-intelligence\\\/\",\"https:\\\/\\\/www.tiktok.com\\\/@ai2_school1\"]}]}<\/script>\n<!-- \/ Yoast SEO plugin. -->","yoast_head_json":{"title":"Apply to our School of Artificial Intelligence - AI2","description":"Study M2 Data Scientist & AI in France. 1-year, 100% English programme, RNCP Level 7 (Master\u2019s equivalent). Apply now at AI2.","robots":{"index":"index","follow":"follow","max-snippet":"max-snippet:-1","max-image-preview":"max-image-preview:large","max-video-preview":"max-video-preview:-1"},"canonical":"https:\/\/ai2-education.com\/en\/apply\/","og_locale":"en_US","og_type":"article","og_title":"Apply to our School of Artificial Intelligence - AI2","og_description":"Study M2 Data Scientist & AI in France. 1-year, 100% English programme, RNCP Level 7 (Master\u2019s equivalent). Apply now at AI2.","og_url":"https:\/\/ai2-education.com\/en\/apply\/","og_site_name":"AI2","article_publisher":"https:\/\/www.facebook.com\/ai2EcoleIntelligenceArtificielleParis","article_modified_time":"2026-05-01T00:38:19+00:00","twitter_card":"summary_large_image","twitter_site":"@AI2_School","twitter_misc":{"Est. reading time":"3 minutes"},"schema":{"@context":"https:\/\/schema.org","@graph":[{"@type":"WebPage","@id":"https:\/\/ai2-education.com\/en\/apply\/","url":"https:\/\/ai2-education.com\/en\/apply\/","name":"Apply to our School of Artificial Intelligence - AI2","isPartOf":{"@id":"https:\/\/ai2-education.com\/en\/#website"},"datePublished":"2026-04-28T00:50:36+00:00","dateModified":"2026-05-01T00:38:19+00:00","description":"Study M2 Data Scientist & AI in France. 1-year, 100% English programme, RNCP Level 7 (Master\u2019s equivalent). Apply now at AI2.","breadcrumb":{"@id":"https:\/\/ai2-education.com\/en\/apply\/#breadcrumb"},"inLanguage":"en-US","potentialAction":[{"@type":"ReadAction","target":["https:\/\/ai2-education.com\/en\/apply\/"]}]},{"@type":"BreadcrumbList","@id":"https:\/\/ai2-education.com\/en\/apply\/#breadcrumb","itemListElement":[{"@type":"ListItem","position":1,"name":"Institute of Artificial Intelligence","item":"https:\/\/ai2-education.com\/en\/"},{"@type":"ListItem","position":2,"name":"Apply to our School of Artificial Intelligence"}]},{"@type":"WebSite","@id":"https:\/\/ai2-education.com\/en\/#website","url":"https:\/\/ai2-education.com\/en\/","name":"AI2","description":"The true school of Data and Artificial Intelligence","publisher":{"@id":"https:\/\/ai2-education.com\/en\/#organization"},"alternateName":"AI2 - Applied Institute of Artificial Intelligence","potentialAction":[{"@type":"SearchAction","target":{"@type":"EntryPoint","urlTemplate":"https:\/\/ai2-education.com\/en\/?s={search_term_string}"},"query-input":{"@type":"PropertyValueSpecification","valueRequired":true,"valueName":"search_term_string"}}],"inLanguage":"en-US"},{"@type":"Organization","@id":"https:\/\/ai2-education.com\/en\/#organization","name":"AI2","url":"https:\/\/ai2-education.com\/en\/","logo":{"@type":"ImageObject","inLanguage":"en-US","@id":"https:\/\/ai2-education.com\/en\/#\/schema\/logo\/image\/","url":"https:\/\/ai2-education.com\/en\/wp-content\/uploads\/2026\/04\/Ecole-dIntelligence-Artificielle.png","contentUrl":"https:\/\/ai2-education.com\/en\/wp-content\/uploads\/2026\/04\/Ecole-dIntelligence-Artificielle.png","width":167,"height":132,"caption":"AI2"},"image":{"@id":"https:\/\/ai2-education.com\/en\/#\/schema\/logo\/image\/"},"sameAs":["https:\/\/www.facebook.com\/ai2EcoleIntelligenceArtificielleParis","https:\/\/x.com\/AI2_School","https:\/\/www.linkedin.com\/company\/applied-institute-of-artificial-intelligence\/","https:\/\/www.tiktok.com\/@ai2_school1"]}]}},"_links":{"self":[{"href":"https:\/\/ai2-education.com\/en\/wp-json\/wp\/v2\/pages\/48","targetHints":{"allow":["GET"]}}],"collection":[{"href":"https:\/\/ai2-education.com\/en\/wp-json\/wp\/v2\/pages"}],"about":[{"href":"https:\/\/ai2-education.com\/en\/wp-json\/wp\/v2\/types\/page"}],"author":[{"embeddable":true,"href":"https:\/\/ai2-education.com\/en\/wp-json\/wp\/v2\/users\/1"}],"replies":[{"embeddable":true,"href":"https:\/\/ai2-education.com\/en\/wp-json\/wp\/v2\/comments?post=48"}],"version-history":[{"count":13,"href":"https:\/\/ai2-education.com\/en\/wp-json\/wp\/v2\/pages\/48\/revisions"}],"predecessor-version":[{"id":109,"href":"https:\/\/ai2-education.com\/en\/wp-json\/wp\/v2\/pages\/48\/revisions\/109"}],"wp:attachment":[{"href":"https:\/\/ai2-education.com\/en\/wp-json\/wp\/v2\/media?parent=48"}],"curies":[{"name":"wp","href":"https:\/\/api.w.org\/{rel}","templated":true}]}}